{"id":1863,"date":"2024-06-14T12:43:16","date_gmt":"2024-06-14T12:43:16","guid":{"rendered":"https:\/\/loffler.themesawesome.com\/actualites\/"},"modified":"2024-09-05T19:25:08","modified_gmt":"2024-09-05T19:25:08","slug":"actualites","status":"publish","type":"page","link":"https:\/\/dev.loeffler.lu\/fr\/actualites\/","title":{"rendered":"Actualit\u00e9s"},"content":{"rendered":"\t\t<div data-elementor-type=\"wp-page\" data-elementor-id=\"1863\" class=\"elementor elementor-1863 elementor-422\" data-elementor-post-type=\"page\">\n\t\t\t\t<div class=\"elementor-element elementor-element-566767d main-container e-flex e-con-boxed e-con e-parent\" data-id=\"566767d\" data-element_type=\"container\">\n\t\t\t\t\t<div class=\"e-con-inner\">\n\t\t\t\t<div class=\"elementor-element elementor-element-6186bdb elementor-widget__width-inherit elementor-invisible elementor-widget elementor-widget-heading\" data-id=\"6186bdb\" data-element_type=\"widget\" data-settings=\"{&quot;_animation&quot;:&quot;fadeInUp&quot;,&quot;_animation_delay&quot;:200}\" data-widget_type=\"heading.default\">\n\t\t\t\t<div class=\"elementor-widget-container\">\n\t\t\t<h2 class=\"elementor-heading-title elementor-size-default\">Actualit\u00e9s<\/h2>\t\t<\/div>\n\t\t\t\t<\/div>\n\t\t\t\t<div class=\"elementor-element elementor-element-d45ecbc elementor-widget__width-initial elementor-invisible elementor-widget elementor-widget-spacer\" data-id=\"d45ecbc\" data-element_type=\"widget\" data-settings=\"{&quot;_animation&quot;:&quot;fadeInUp&quot;,&quot;_animation_delay&quot;:400}\" data-widget_type=\"spacer.default\">\n\t\t\t\t<div class=\"elementor-widget-container\">\n\t\t\t\t\t<div class=\"elementor-spacer\">\n\t\t\t<div class=\"elementor-spacer-inner\"><\/div>\n\t\t<\/div>\n\t\t\t\t<\/div>\n\t\t\t\t<\/div>\n\t\t\t\t<div class=\"elementor-element elementor-element-c75b72e elementor-invisible elementor-widget elementor-widget-loffler-post-loop-block\" data-id=\"c75b72e\" data-element_type=\"widget\" data-settings=\"{&quot;_animation&quot;:&quot;fadeIn&quot;,&quot;_animation_delay&quot;:600}\" data-widget_type=\"loffler-post-loop-block.default\">\n\t\t\t\t<div class=\"elementor-widget-container\">\n\t\t\t<style>\n    .loffler-blog-loop {\n        display: grid;\n        grid-template-columns: repeat(4, minmax(0, 1fr));\n        column-gap: 30px;\n        row-gap: 30px;\n    }\n    .loffler-blog-item .blog-thumb {\n        margin-bottom: 15px;\n    }\n    .loffler-blog-item .blog-thumb a {\n        display: inline-block;\n        width: 100%;\n    }\n    .loffler-blog-item .blog-thumb img {\n        width: 100%;\n        height: 175px;\n        object-fit: cover;\n        border-radius: 15px;\n    }\n    .loffler-blog-item .date-meta {\n        display: block;\n        \/* font-family: Lasiver; *\/\n        font-size: 12px;\n        font-weight: 300;\n        line-height: 15px;\n        letter-spacing: -0.02em;\n        text-align: left;\n        margin-bottom: 15px;\n    }\n    .loffler-blog-item .blog-title {\n        font-family: Lasiver;\n        font-size: 16px;\n        font-weight: 700;\n        line-height: 20px;\n        text-align: left;\n        margin: 0;\n    }\n    .loffler-blog-item .blog-title a {\n        color: #000000;\n    }\n\n    @media (max-width: 767px) {\n        .loffler-blog-item .blog-thumb img {\n            border-radius: 5px;\n        }\n    }\n<\/style>\n\n<div class=\"loffler-blog-loop\">\n            <div class=\"loffler-blog-item\">\n                        <div class=\"blog-thumb\">\n                <a href=\"https:\/\/dev.loeffler.lu\/fr\/nous-recherchons-technicien-de-securite-incendie-technicien-de-maintenance-h-f\/\">\n                    <img fetchpriority=\"high\" decoding=\"async\" width=\"580\" height=\"350\" src=\"https:\/\/dev.loeffler.lu\/wp-content\/uploads\/2024\/05\/post-2.jpg\" class=\"attachment- size- wp-post-image\" alt=\"\" data-no-retina=\"\" srcset=\"https:\/\/dev.loeffler.lu\/wp-content\/uploads\/2024\/05\/post-2.jpg 580w, https:\/\/dev.loeffler.lu\/wp-content\/uploads\/2024\/05\/post-2-300x181.jpg 300w\" sizes=\"(max-width: 580px) 100vw, 580px\" \/>                <\/a>\n            <\/div>\n                        <div class=\"blog-detail\">\n                <span class=\"date-meta\">15, mai 2024<\/span>\n                <h3 class=\"blog-title\">\n                    <a href=\"https:\/\/dev.loeffler.lu\/fr\/nous-recherchons-technicien-de-securite-incendie-technicien-de-maintenance-h-f\/\">\n                        Nous recherchons :Technicien de s\u00e9curit\u00e9 incendie\/technicien de maintenance (h\/f)                    <\/a>\n                <\/h3>\n            <\/div>\n        <\/div>\n            <div class=\"loffler-blog-item\">\n                        <div class=\"blog-thumb\">\n                <a href=\"https:\/\/dev.loeffler.lu\/fr\/nous-recherchons-monteur-technicien-de-service-pour-les-systemes-de-securite-h-f\/\">\n                    <img decoding=\"async\" width=\"580\" height=\"350\" src=\"https:\/\/dev.loeffler.lu\/wp-content\/uploads\/2024\/05\/post-1.jpg\" class=\"attachment- size- wp-post-image\" alt=\"\" data-no-retina=\"\" srcset=\"https:\/\/dev.loeffler.lu\/wp-content\/uploads\/2024\/05\/post-1.jpg 580w, https:\/\/dev.loeffler.lu\/wp-content\/uploads\/2024\/05\/post-1-300x181.jpg 300w\" sizes=\"(max-width: 580px) 100vw, 580px\" \/>                <\/a>\n            <\/div>\n                        <div class=\"blog-detail\">\n                <span class=\"date-meta\">15, mai 2024<\/span>\n                <h3 class=\"blog-title\">\n                    <a href=\"https:\/\/dev.loeffler.lu\/fr\/nous-recherchons-monteur-technicien-de-service-pour-les-systemes-de-securite-h-f\/\">\n                        Nous recherchons :Monteur \/ technicien de service pour les syst\u00e8mes de s\u00e9curit\u00e9 (h\/f)                    <\/a>\n                <\/h3>\n            <\/div>\n        <\/div>\n            <div class=\"loffler-blog-item\">\n                        <div class=\"blog-thumb\">\n                <a href=\"https:\/\/dev.loeffler.lu\/fr\/systemes-de-securite-et-domotique-satel-integra-offre-plus-de-fonctionnalites\/\">\n                    <img decoding=\"async\" width=\"1706\" height=\"960\" src=\"https:\/\/dev.loeffler.lu\/wp-content\/uploads\/2019\/08\/Integra.jpg\" class=\"attachment- size- wp-post-image\" alt=\"\" data-no-retina=\"\" srcset=\"https:\/\/dev.loeffler.lu\/wp-content\/uploads\/2019\/08\/Integra.jpg 1706w, https:\/\/dev.loeffler.lu\/wp-content\/uploads\/2019\/08\/Integra-300x169.jpg 300w, https:\/\/dev.loeffler.lu\/wp-content\/uploads\/2019\/08\/Integra-1024x576.jpg 1024w, https:\/\/dev.loeffler.lu\/wp-content\/uploads\/2019\/08\/Integra-768x432.jpg 768w, https:\/\/dev.loeffler.lu\/wp-content\/uploads\/2019\/08\/Integra-1536x864.jpg 1536w\" sizes=\"(max-width: 1706px) 100vw, 1706px\" \/>                <\/a>\n            <\/div>\n                        <div class=\"blog-detail\">\n                <span class=\"date-meta\">22, ao\u00fbt 2019<\/span>\n                <h3 class=\"blog-title\">\n                    <a href=\"https:\/\/dev.loeffler.lu\/fr\/systemes-de-securite-et-domotique-satel-integra-offre-plus-de-fonctionnalites\/\">\n                        Syst\u00e8mes de s\u00e9curit\u00e9 et domotique &#8211; Satel\u00ae Integra offre plus de fonctionnalit\u00e9s                    <\/a>\n                <\/h3>\n            <\/div>\n        <\/div>\n            <div class=\"loffler-blog-item\">\n                        <div class=\"blog-thumb\">\n                <a href=\"https:\/\/dev.loeffler.lu\/fr\/ensemble-pour-plus-de-securite-satel-et-loeffel-security-systems-lancent-un-partenariat\/\">\n                    <img loading=\"lazy\" decoding=\"async\" width=\"2200\" height=\"1238\" src=\"https:\/\/dev.loeffler.lu\/wp-content\/uploads\/2024\/05\/Loffler-new00072222.jpg\" class=\"attachment- size- wp-post-image\" alt=\"\" data-no-retina=\"\" srcset=\"https:\/\/dev.loeffler.lu\/wp-content\/uploads\/2024\/05\/Loffler-new00072222.jpg 2200w, https:\/\/dev.loeffler.lu\/wp-content\/uploads\/2024\/05\/Loffler-new00072222-300x169.jpg 300w, https:\/\/dev.loeffler.lu\/wp-content\/uploads\/2024\/05\/Loffler-new00072222-1024x576.jpg 1024w, https:\/\/dev.loeffler.lu\/wp-content\/uploads\/2024\/05\/Loffler-new00072222-768x432.jpg 768w, https:\/\/dev.loeffler.lu\/wp-content\/uploads\/2024\/05\/Loffler-new00072222-1536x864.jpg 1536w, https:\/\/dev.loeffler.lu\/wp-content\/uploads\/2024\/05\/Loffler-new00072222-2048x1152.jpg 2048w\" sizes=\"(max-width: 2200px) 100vw, 2200px\" \/>                <\/a>\n            <\/div>\n                        <div class=\"blog-detail\">\n                <span class=\"date-meta\">10, juillet 2019<\/span>\n                <h3 class=\"blog-title\">\n                    <a href=\"https:\/\/dev.loeffler.lu\/fr\/ensemble-pour-plus-de-securite-satel-et-loeffel-security-systems-lancent-un-partenariat\/\">\n                        Ensemble pour plus de s\u00e9curit\u00e9 : Satel\u00ae et L\u00f6ffel Security Systems lancent un partenariat                    <\/a>\n                <\/h3>\n            <\/div>\n        <\/div>\n            <div class=\"loffler-blog-item\">\n                        <div class=\"blog-thumb\">\n                <a href=\"https:\/\/dev.loeffler.lu\/fr\/utilisation-des-systemes-de-securite-de-plus-en-plus-facile\/\">\n                    <img loading=\"lazy\" decoding=\"async\" width=\"2550\" height=\"1700\" src=\"https:\/\/dev.loeffler.lu\/wp-content\/uploads\/2024\/05\/Canva-Toddler-Boy-Playing-with-a-Digital-Tablet.jpg\" class=\"attachment- size- wp-post-image\" alt=\"\" data-no-retina=\"\" srcset=\"https:\/\/dev.loeffler.lu\/wp-content\/uploads\/2024\/05\/Canva-Toddler-Boy-Playing-with-a-Digital-Tablet.jpg 2550w, https:\/\/dev.loeffler.lu\/wp-content\/uploads\/2024\/05\/Canva-Toddler-Boy-Playing-with-a-Digital-Tablet-300x200.jpg 300w, https:\/\/dev.loeffler.lu\/wp-content\/uploads\/2024\/05\/Canva-Toddler-Boy-Playing-with-a-Digital-Tablet-1024x683.jpg 1024w, https:\/\/dev.loeffler.lu\/wp-content\/uploads\/2024\/05\/Canva-Toddler-Boy-Playing-with-a-Digital-Tablet-768x512.jpg 768w, https:\/\/dev.loeffler.lu\/wp-content\/uploads\/2024\/05\/Canva-Toddler-Boy-Playing-with-a-Digital-Tablet-1536x1024.jpg 1536w, https:\/\/dev.loeffler.lu\/wp-content\/uploads\/2024\/05\/Canva-Toddler-Boy-Playing-with-a-Digital-Tablet-2048x1365.jpg 2048w\" sizes=\"(max-width: 2550px) 100vw, 2550px\" \/>                <\/a>\n            <\/div>\n                        <div class=\"blog-detail\">\n                <span class=\"date-meta\">25, juin 2019<\/span>\n                <h3 class=\"blog-title\">\n                    <a href=\"https:\/\/dev.loeffler.lu\/fr\/utilisation-des-systemes-de-securite-de-plus-en-plus-facile\/\">\n                        Utilisation des syst\u00e8mes de s\u00e9curit\u00e9 &#8211; de plus en plus facile                    <\/a>\n                <\/h3>\n            <\/div>\n        <\/div>\n            <div class=\"loffler-blog-item\">\n                        <div class=\"blog-thumb\">\n                <a href=\"https:\/\/dev.loeffler.lu\/fr\/le-systeme-de-securite-par-fumee-protect-stoppe-les-intrus-en-quelques-secondes\/\">\n                    <img loading=\"lazy\" decoding=\"async\" width=\"2560\" height=\"1707\" src=\"https:\/\/dev.loeffler.lu\/wp-content\/uploads\/2017\/06\/Einbrecher-scaled.jpg.webp\" class=\"attachment- size- wp-post-image\" alt=\"\" data-no-retina=\"\" srcset=\"https:\/\/dev.loeffler.lu\/wp-content\/uploads\/2017\/06\/Einbrecher-scaled.jpg.webp 2560w, https:\/\/dev.loeffler.lu\/wp-content\/uploads\/2017\/06\/Einbrecher-scaled.jpg-300x200.webp 300w, https:\/\/dev.loeffler.lu\/wp-content\/uploads\/2017\/06\/Einbrecher-scaled.jpg-1024x683.webp 1024w, https:\/\/dev.loeffler.lu\/wp-content\/uploads\/2017\/06\/Einbrecher-scaled.jpg-768x512.webp 768w, https:\/\/dev.loeffler.lu\/wp-content\/uploads\/2017\/06\/Einbrecher-scaled.jpg-1536x1024.webp 1536w, https:\/\/dev.loeffler.lu\/wp-content\/uploads\/2017\/06\/Einbrecher-scaled.jpg-2048x1366.webp 2048w\" sizes=\"(max-width: 2560px) 100vw, 2560px\" \/>                <\/a>\n            <\/div>\n                        <div class=\"blog-detail\">\n                <span class=\"date-meta\">07, juin 2017<\/span>\n                <h3 class=\"blog-title\">\n                    <a href=\"https:\/\/dev.loeffler.lu\/fr\/le-systeme-de-securite-par-fumee-protect-stoppe-les-intrus-en-quelques-secondes\/\">\n                        Le syst\u00e8me de s\u00e9curit\u00e9 par fum\u00e9e PROTECT\u00ae stoppe les intrus en quelques secondes                    <\/a>\n                <\/h3>\n            <\/div>\n        <\/div>\n            <div class=\"loffler-blog-item\">\n                        <div class=\"blog-thumb\">\n                <a href=\"https:\/\/dev.loeffler.lu\/fr\/sefica-blueshield-une-solution-innovante-pour-une-securite-totale\/\">\n                    <img loading=\"lazy\" decoding=\"async\" width=\"739\" height=\"880\" src=\"https:\/\/dev.loeffler.lu\/wp-content\/uploads\/2016\/11\/loffler-1-1.png\" class=\"attachment- size- wp-post-image\" alt=\"\" data-no-retina=\"\" srcset=\"https:\/\/dev.loeffler.lu\/wp-content\/uploads\/2016\/11\/loffler-1-1.png 739w, https:\/\/dev.loeffler.lu\/wp-content\/uploads\/2016\/11\/loffler-1-1-252x300.png 252w\" sizes=\"(max-width: 739px) 100vw, 739px\" \/>                <\/a>\n            <\/div>\n                        <div class=\"blog-detail\">\n                <span class=\"date-meta\">21, novembre 2016<\/span>\n                <h3 class=\"blog-title\">\n                    <a href=\"https:\/\/dev.loeffler.lu\/fr\/sefica-blueshield-une-solution-innovante-pour-une-securite-totale\/\">\n                        Sefica BlueShield, une solution innovante pour une s\u00e9curit\u00e9 totale                    <\/a>\n                <\/h3>\n            <\/div>\n        <\/div>\n    <\/div>\n\t\t<\/div>\n\t\t\t\t<\/div>\n\t\t\t\t\t<\/div>\n\t\t\t\t<\/div>\n\t\t\t\t<\/div>\n\t\t","protected":false},"excerpt":{"rendered":"<p>Actualit\u00e9s<\/p>\n","protected":false},"author":2,"featured_media":0,"parent":0,"menu_order":0,"comment_status":"closed","ping_status":"closed","template":"elementor_header_footer","meta":{"_acf_changed":false,"inline_featured_image":false,"footnotes":""},"class_list":["post-1863","page","type-page","status-publish","hentry"],"acf":[],"yoast_head":"<!-- This site is optimized with the Yoast SEO plugin v23.4 - https:\/\/yoast.com\/wordpress\/plugins\/seo\/ -->\n<title>Actualit\u00e9s - L\u00f6ffler<\/title>\n<meta name=\"robots\" content=\"index, follow, max-snippet:-1, max-image-preview:large, max-video-preview:-1\" \/>\n<link rel=\"canonical\" href=\"https:\/\/dev.loeffler.lu\/fr\/actualites\/\" \/>\n<meta property=\"og:locale\" content=\"fr_FR\" \/>\n<meta property=\"og:type\" content=\"article\" \/>\n<meta property=\"og:title\" content=\"Actualit\u00e9s - L\u00f6ffler\" \/>\n<meta property=\"og:description\" content=\"Actualit\u00e9s\" \/>\n<meta property=\"og:url\" content=\"https:\/\/dev.loeffler.lu\/fr\/actualites\/\" \/>\n<meta property=\"og:site_name\" content=\"L\u00f6ffler\" \/>\n<meta property=\"article:publisher\" content=\"https:\/\/www.facebook.com\/loeffler.alarm\" \/>\n<meta property=\"article:modified_time\" content=\"2024-09-05T19:25:08+00:00\" \/>\n<meta property=\"og:image\" content=\"https:\/\/dev.loeffler.lu\/wp-content\/uploads\/2024\/09\/loefflerOG.jpg\" \/>\n\t<meta property=\"og:image:width\" content=\"1335\" \/>\n\t<meta property=\"og:image:height\" content=\"750\" \/>\n\t<meta property=\"og:image:type\" content=\"image\/jpeg\" \/>\n<meta name=\"twitter:card\" content=\"summary_large_image\" \/>\n<script type=\"application\/ld+json\" class=\"yoast-schema-graph\">{\"@context\":\"https:\/\/schema.org\",\"@graph\":[{\"@type\":\"WebPage\",\"@id\":\"https:\/\/dev.loeffler.lu\/fr\/actualites\/\",\"url\":\"https:\/\/dev.loeffler.lu\/fr\/actualites\/\",\"name\":\"Actualit\u00e9s - L\u00f6ffler\",\"isPartOf\":{\"@id\":\"https:\/\/dev.loeffler.lu\/fr\/#website\"},\"datePublished\":\"2024-06-14T12:43:16+00:00\",\"dateModified\":\"2024-09-05T19:25:08+00:00\",\"breadcrumb\":{\"@id\":\"https:\/\/dev.loeffler.lu\/fr\/actualites\/#breadcrumb\"},\"inLanguage\":\"fr-FR\",\"potentialAction\":[{\"@type\":\"ReadAction\",\"target\":[\"https:\/\/dev.loeffler.lu\/fr\/actualites\/\"]}]},{\"@type\":\"BreadcrumbList\",\"@id\":\"https:\/\/dev.loeffler.lu\/fr\/actualites\/#breadcrumb\",\"itemListElement\":[{\"@type\":\"ListItem\",\"position\":1,\"name\":\"Startseite\",\"item\":\"https:\/\/dev.loeffler.lu\/fr\/accueil\/\"},{\"@type\":\"ListItem\",\"position\":2,\"name\":\"Actualit\u00e9s\"}]},{\"@type\":\"WebSite\",\"@id\":\"https:\/\/dev.loeffler.lu\/fr\/#website\",\"url\":\"https:\/\/dev.loeffler.lu\/fr\/\",\"name\":\"L\u00f6ffler\",\"description\":\"Sicherheit in jeder Situation - Alarmanlagen, Video\u00fcberwachung, Brandschutz und mehr.\",\"publisher\":{\"@id\":\"https:\/\/dev.loeffler.lu\/fr\/#organization\"},\"potentialAction\":[{\"@type\":\"SearchAction\",\"target\":{\"@type\":\"EntryPoint\",\"urlTemplate\":\"https:\/\/dev.loeffler.lu\/fr\/?s={search_term_string}\"},\"query-input\":{\"@type\":\"PropertyValueSpecification\",\"valueRequired\":true,\"valueName\":\"search_term_string\"}}],\"inLanguage\":\"fr-FR\"},{\"@type\":\"Organization\",\"@id\":\"https:\/\/dev.loeffler.lu\/fr\/#organization\",\"name\":\"L\u00f6ffler\",\"url\":\"https:\/\/dev.loeffler.lu\/fr\/\",\"logo\":{\"@type\":\"ImageObject\",\"inLanguage\":\"fr-FR\",\"@id\":\"https:\/\/dev.loeffler.lu\/fr\/#\/schema\/logo\/image\/\",\"url\":\"https:\/\/dev.loeffler.lu\/wp-content\/uploads\/2024\/09\/Logo-Loeffler-Security-Systems-300x138-2.png\",\"contentUrl\":\"https:\/\/dev.loeffler.lu\/wp-content\/uploads\/2024\/09\/Logo-Loeffler-Security-Systems-300x138-2.png\",\"width\":300,\"height\":138,\"caption\":\"L\u00f6ffler\"},\"image\":{\"@id\":\"https:\/\/dev.loeffler.lu\/fr\/#\/schema\/logo\/image\/\"},\"sameAs\":[\"https:\/\/www.facebook.com\/loeffler.alarm\"]}]}<\/script>\n<!-- \/ Yoast SEO plugin. -->","yoast_head_json":{"title":"Actualit\u00e9s - L\u00f6ffler","robots":{"index":"index","follow":"follow","max-snippet":"max-snippet:-1","max-image-preview":"max-image-preview:large","max-video-preview":"max-video-preview:-1"},"canonical":"https:\/\/dev.loeffler.lu\/fr\/actualites\/","og_locale":"fr_FR","og_type":"article","og_title":"Actualit\u00e9s - L\u00f6ffler","og_description":"Actualit\u00e9s","og_url":"https:\/\/dev.loeffler.lu\/fr\/actualites\/","og_site_name":"L\u00f6ffler","article_publisher":"https:\/\/www.facebook.com\/loeffler.alarm","article_modified_time":"2024-09-05T19:25:08+00:00","og_image":[{"width":1335,"height":750,"url":"https:\/\/dev.loeffler.lu\/wp-content\/uploads\/2024\/09\/loefflerOG.jpg","type":"image\/jpeg"}],"twitter_card":"summary_large_image","schema":{"@context":"https:\/\/schema.org","@graph":[{"@type":"WebPage","@id":"https:\/\/dev.loeffler.lu\/fr\/actualites\/","url":"https:\/\/dev.loeffler.lu\/fr\/actualites\/","name":"Actualit\u00e9s - L\u00f6ffler","isPartOf":{"@id":"https:\/\/dev.loeffler.lu\/fr\/#website"},"datePublished":"2024-06-14T12:43:16+00:00","dateModified":"2024-09-05T19:25:08+00:00","breadcrumb":{"@id":"https:\/\/dev.loeffler.lu\/fr\/actualites\/#breadcrumb"},"inLanguage":"fr-FR","potentialAction":[{"@type":"ReadAction","target":["https:\/\/dev.loeffler.lu\/fr\/actualites\/"]}]},{"@type":"BreadcrumbList","@id":"https:\/\/dev.loeffler.lu\/fr\/actualites\/#breadcrumb","itemListElement":[{"@type":"ListItem","position":1,"name":"Startseite","item":"https:\/\/dev.loeffler.lu\/fr\/accueil\/"},{"@type":"ListItem","position":2,"name":"Actualit\u00e9s"}]},{"@type":"WebSite","@id":"https:\/\/dev.loeffler.lu\/fr\/#website","url":"https:\/\/dev.loeffler.lu\/fr\/","name":"L\u00f6ffler","description":"Sicherheit in jeder Situation - Alarmanlagen, Video\u00fcberwachung, Brandschutz und mehr.","publisher":{"@id":"https:\/\/dev.loeffler.lu\/fr\/#organization"},"potentialAction":[{"@type":"SearchAction","target":{"@type":"EntryPoint","urlTemplate":"https:\/\/dev.loeffler.lu\/fr\/?s={search_term_string}"},"query-input":{"@type":"PropertyValueSpecification","valueRequired":true,"valueName":"search_term_string"}}],"inLanguage":"fr-FR"},{"@type":"Organization","@id":"https:\/\/dev.loeffler.lu\/fr\/#organization","name":"L\u00f6ffler","url":"https:\/\/dev.loeffler.lu\/fr\/","logo":{"@type":"ImageObject","inLanguage":"fr-FR","@id":"https:\/\/dev.loeffler.lu\/fr\/#\/schema\/logo\/image\/","url":"https:\/\/dev.loeffler.lu\/wp-content\/uploads\/2024\/09\/Logo-Loeffler-Security-Systems-300x138-2.png","contentUrl":"https:\/\/dev.loeffler.lu\/wp-content\/uploads\/2024\/09\/Logo-Loeffler-Security-Systems-300x138-2.png","width":300,"height":138,"caption":"L\u00f6ffler"},"image":{"@id":"https:\/\/dev.loeffler.lu\/fr\/#\/schema\/logo\/image\/"},"sameAs":["https:\/\/www.facebook.com\/loeffler.alarm"]}]}},"_links":{"self":[{"href":"https:\/\/dev.loeffler.lu\/fr\/wp-json\/wp\/v2\/pages\/1863","targetHints":{"allow":["GET"]}}],"collection":[{"href":"https:\/\/dev.loeffler.lu\/fr\/wp-json\/wp\/v2\/pages"}],"about":[{"href":"https:\/\/dev.loeffler.lu\/fr\/wp-json\/wp\/v2\/types\/page"}],"author":[{"embeddable":true,"href":"https:\/\/dev.loeffler.lu\/fr\/wp-json\/wp\/v2\/users\/2"}],"replies":[{"embeddable":true,"href":"https:\/\/dev.loeffler.lu\/fr\/wp-json\/wp\/v2\/comments?post=1863"}],"version-history":[{"count":2,"href":"https:\/\/dev.loeffler.lu\/fr\/wp-json\/wp\/v2\/pages\/1863\/revisions"}],"predecessor-version":[{"id":1924,"href":"https:\/\/dev.loeffler.lu\/fr\/wp-json\/wp\/v2\/pages\/1863\/revisions\/1924"}],"wp:attachment":[{"href":"https:\/\/dev.loeffler.lu\/fr\/wp-json\/wp\/v2\/media?parent=1863"}],"curies":[{"name":"wp","href":"https:\/\/api.w.org\/{rel}","templated":true}]}}